{"id":5731,"date":"2020-09-23T16:05:02","date_gmt":"2020-09-23T14:05:02","guid":{"rendered":"https:\/\/www.domaine-hirtz.com\/die-domaine-du-hirtz-eine-echte-oeko-tourismus-residenz-fuer-einen-massgeschneiderten-aufenthalt-im-elsass\/"},"modified":"2020-09-23T16:05:32","modified_gmt":"2020-09-23T14:05:32","slug":"die-domaine-du-hirtz-eine-echte-oeko-tourismus-residenz-fuer-einen-massgeschneiderten-aufenthalt-im-elsass","status":"publish","type":"page","link":"https:\/\/www.domaine-hirtz.com\/de\/die-domaine-du-hirtz-eine-echte-oeko-tourismus-residenz-fuer-einen-massgeschneiderten-aufenthalt-im-elsass\/","title":{"rendered":"Die Domaine du HIRTZ, eine echte \u00d6ko-Tourismus-Residenz f\u00fcr einen ma\u00dfgeschneiderten Aufenthalt im Elsass"},"content":{"rendered":"<div class=\"wpb-content-wrapper\"><p>[vc_row][vc_column width=&#8220;1\/2&#8243;][vc_raw_html]JTNDaWZyYW1lJTIwaWQlM0QlMjJpbmxpbmVGcmFtZUV4YW1wbGUlMjIlMjB0aXRsZSUzRCUyMklubGluZSUyMEZyYW1lJTIwRXhhbXBsZSUyMiUyMHdpZHRoJTNEJTIyMTAwJTI1JTIyJTIwaGVpZ2h0JTNEJTIyNjAwJTIyJTIwc3JjJTNEJTIyaHR0cHMlM0ElMkYlMkZnbHZyMi5jb20lMkZ2aXNpbyUyRnRvdXJpc21lJTJGaG90ZWwlMkZMZV9Eb21haW5lX2R1X0hpcnR6JTJGTGVfRG9tYWluZV9kdV9IaXJ0ei5odG1sJTIyJTNFJTBBJTNDJTJGaWZyYW1lJTNF[\/vc_raw_html][\/vc_column][vc_column width=&#8220;1\/2&#8243;][vc_column_text css=&#8220;.vc_custom_1596655600671{margin-top: 5% !important;margin-bottom: 5% !important;padding-top: 5% !important;padding-right: 10% !important;padding-bottom: 5% !important;padding-left: 10% !important;background-color: rgba(255,255,255,0.9) !important;*background-color: rgb(255,255,255) !important;}&#8220;]<\/p>\n<p class=\"p1\"><b>Wachen Sie im Herzen der Natur auf !<\/b><\/p>\n<p class=\"p3\">Was f\u00fcr ein Vergn\u00fcgen, in einer authentischen und herzlichen Umgebung zu schlafen, die Ihnen einen Blick auf den Hirtzenstein und auf die umgebende Natur bietet ! Und welche Unterkunft Sie auch w\u00e4hlen, Sie werden in v\u00f6lliger Freiheit zu Hause sein.<\/p>\n<p class=\"p3\">Ob allein oder zu zweit, das <span class=\"s1\"><b>Cocooning-Studio<\/b><\/span> mit seiner vollst\u00e4ndisch ausgestatteten Kochecke und seinem Badezimmer mit Dusche wird Ihnen perfekt passen. Wir haben <strong>10 Studios von 19 m<sup>2<\/sup> f\u00fcr 2 Personen<\/strong><strong>.<\/strong><\/p>\n<p class=\"p3\">Wenn Sie mit Familie oder Freunden kommen, <b> <\/b>kann die <span class=\"s1\"><b>Privat-Lodge<\/b><\/span><strong>2 bis 8<\/strong> Erwachsene und Kinder aufnehmen Die Lodge ist auf zwei Ebenen mit einem Zwischengeschoss und einer privaten Terrasse im Erdgeschoss voll ausgestattet, um Ihren Komfort zu gew\u00e4hrleisten. Wir haben <strong>12 Lodges von 65 m<sup>2<\/sup> darunter eine VIP-Lodge und eine VIP Plus.<\/strong><\/p>\n<p class=\"p3\"><strong>En tant que r\u00e9sidents nous vous offrons un acc\u00e8s \u00e0 la piscine baln\u00e9o du Spa Nordique de 8h \u00e0 9h et 19h \u00e0 20h (sur r\u00e9servation et selon disponibilit\u00e9s) et \u00e0 la fitness tent de 19h \u00e0 20h (sur r\u00e9servation et selon disponibilit\u00e9s). <\/strong>Pour un acc\u00e8s \u00e0 tout le Spa Nordique profitez d&#8217;un tarif pr\u00e9f\u00e9rentiel ! Acc\u00e8s 4h (10h-14h ou 14h-18h) 35\u20ac\/personne et Acc\u00e8s Journ\u00e9e (10h \u00e0 20h avec repas) 75\u20ac\/personne.<\/p>\n<p>[\/vc_column_text][\/vc_column][\/vc_row][vc_row css=&#8220;.vc_custom_1538561638713{padding-top: 2% !important;}&#8220;][vc_column width=&#8220;1\/2&#8243;]<div tabindex=\"0\" class=\"ult-new-ib ult-ib-effect-style1  ult-ib-resp  \" data-min-width=\"768\" data-max-width=\"900\" style=\"background:#0a0a0a;\" data-opacity=\"0.7\" data-hover-opacity=\"0.3\" ><img decoding=\"async\" class=\"ult-new-ib-img\" style=\"opacity:0.7;\" alt=\"null\" src=\"https:\/\/www.domaine-hirtz.com\/wp-content\/uploads\/2019\/06\/Chambre-simple-balcon-5-1-scaled.jpg\"   \/><div id=\"interactive-banner-wrap-6025\" class=\"ult-new-ib-desc\" style=\"\"><h2 class=\"ult-new-ib-title ult-responsive\"  data-ultimate-target='#interactive-banner-wrap-6025 .ult-new-ib-title'  data-responsive-json-new='{\"font-size\":\"desktop:32px;\",\"line-height\":\"\"}'  style=\"font-weight:bold;color:#ffffff;\">Entdecken Sie unsere Studios<\/h2><div class=\"ult-new-ib-content ult-responsive\"  data-ultimate-target='#interactive-banner-wrap-6025 .ult-new-ib-content'  data-responsive-json-new='{\"font-size\":\"\",\"line-height\":\"\"}'  style=\"font-weight:normal;\"><p>Maximal 2 Erwachsene und 1 Kind<\/p><\/div><\/div><a class=\"ult-new-ib-link\" href=\"https:\/\/www.domaine-hirtz.com\/village-vacance-68\/nos-studios\/\" title=\"Nos Studios\"  ><\/a><\/div>[\/vc_column][vc_column width=&#8220;1\/2&#8243;]<div tabindex=\"0\" class=\"ult-new-ib ult-ib-effect-style1  ult-ib-resp  \" data-min-width=\"768\" data-max-width=\"900\" style=\"background:#000000;\" data-opacity=\"0.7\" data-hover-opacity=\"0.3\" ><img decoding=\"async\" class=\"ult-new-ib-img\" style=\"opacity:0.7;\" alt=\"null\" src=\"https:\/\/www.domaine-hirtz.com\/wp-content\/uploads\/2019\/06\/VIP-plus-7-scaled.jpg\"   \/><div id=\"interactive-banner-wrap-3320\" class=\"ult-new-ib-desc\" style=\"\"><h2 class=\"ult-new-ib-title ult-responsive\"  data-ultimate-target='#interactive-banner-wrap-3320 .ult-new-ib-title'  data-responsive-json-new='{\"font-size\":\"desktop:32px;\",\"line-height\":\"\"}'  style=\"font-weight:bold;color:#ffffff;\">Entdecken Sie unsere Lodges<\/h2><div class=\"ult-new-ib-content ult-responsive\"  data-ultimate-target='#interactive-banner-wrap-3320 .ult-new-ib-content'  data-responsive-json-new='{\"font-size\":\"\",\"line-height\":\"\"}'  style=\"font-weight:normal;\"><p>Maximal 2 bis 8 Personen<\/p><\/div><\/div><a class=\"ult-new-ib-link\" href=\"https:\/\/www.domaine-hirtz.com\/village-vacance-68\/nos-lodges\/\" title=\"Nos Lodges\"  ><\/a><\/div>[\/vc_column][\/vc_row]<\/p>\n<\/div>","protected":false},"excerpt":{"rendered":"<p>[vc_row][vc_column width=&#8220;1\/2&#8243;][vc_raw_html]JTNDaWZyYW1lJTIwaWQlM0QlMjJpbmxpbmVGcmFtZUV4YW1wbGUlMjIlMjB0aXRsZSUzRCUyMklubGluZSUyMEZyYW1lJTIwRXhhbXBsZSUyMiUyMHdpZHRoJTNEJTIyMTAwJTI1JTIyJTIwaGVpZ2h0JTNEJTIyNjAwJTIyJTIwc3JjJTNEJTIyaHR0cHMlM0ElMkYlMkZnbHZyMi5jb20lMkZ2aXNpbyUyRnRvdXJpc21lJTJGaG90ZWwlMkZMZV9Eb21haW5lX2R1X0hpcnR6JTJGTGVfRG9tYWluZV9kdV9IaXJ0ei5odG1sJTIyJTNFJTBBJTNDJTJGaWZyYW1lJTNF[\/vc_raw_html][\/vc_column][vc_column width=&#8220;1\/2&#8243;][vc_column_text css=&#8220;.vc_custom_1596655600671{margin-top: 5% !important;margin-bottom: 5% !important;padding-top: 5% !important;padding-right: 10% !important;padding-bottom: 5% !important;padding-left: 10% !important;background-color: rgba(255,255,255,0.9) !important;*background-color: rgb(255,255,255) !important;}&#8220;] Wachen Sie im Herzen der Natur auf ! Was f\u00fcr ein Vergn\u00fcgen, in einer authentischen und herzlichen Umgebung zu schlafen, die Ihnen einen Blick auf den Hirtzenstein und auf die umgebende Natur bietet ! Und&hellip; <br \/> <a class=\"read-more\" href=\"https:\/\/www.domaine-hirtz.com\/de\/die-domaine-du-hirtz-eine-echte-oeko-tourismus-residenz-fuer-einen-massgeschneiderten-aufenthalt-im-elsass\/\">Weiterlesen<\/a><\/p>\n","protected":false},"author":2,"featured_media":0,"parent":0,"menu_order":0,"comment_status":"closed","ping_status":"closed","template":"","meta":{"_acf_changed":false,"_vp_format_video_url":"","_vp_image_focal_point":[],"footnotes":""},"class_list":["post-5731","page","type-page","status-publish","hentry"],"acf":[],"_links":{"self":[{"href":"https:\/\/www.domaine-hirtz.com\/de\/wp-json\/wp\/v2\/pages\/5731","targetHints":{"allow":["GET"]}}],"collection":[{"href":"https:\/\/www.domaine-hirtz.com\/de\/wp-json\/wp\/v2\/pages"}],"about":[{"href":"https:\/\/www.domaine-hirtz.com\/de\/wp-json\/wp\/v2\/types\/page"}],"author":[{"embeddable":true,"href":"https:\/\/www.domaine-hirtz.com\/de\/wp-json\/wp\/v2\/users\/2"}],"replies":[{"embeddable":true,"href":"https:\/\/www.domaine-hirtz.com\/de\/wp-json\/wp\/v2\/comments?post=5731"}],"version-history":[{"count":3,"href":"https:\/\/www.domaine-hirtz.com\/de\/wp-json\/wp\/v2\/pages\/5731\/revisions"}],"predecessor-version":[{"id":5734,"href":"https:\/\/www.domaine-hirtz.com\/de\/wp-json\/wp\/v2\/pages\/5731\/revisions\/5734"}],"wp:attachment":[{"href":"https:\/\/www.domaine-hirtz.com\/de\/wp-json\/wp\/v2\/media?parent=5731"}],"curies":[{"name":"wp","href":"https:\/\/api.w.org\/{rel}","templated":true}]}}