{"id":5736,"date":"2020-09-23T16:27:23","date_gmt":"2020-09-23T14:27:23","guid":{"rendered":"https:\/\/www.domaine-hirtz.com\/seminar-hochzeitsfeier-rezeption-entdecken-sie-die-angebote\/"},"modified":"2020-09-23T16:27:26","modified_gmt":"2020-09-23T14:27:26","slug":"seminar-hochzeitsfeier-rezeption-entdecken-sie-die-angebote","status":"publish","type":"page","link":"https:\/\/www.domaine-hirtz.com\/de\/seminar-hochzeitsfeier-rezeption-entdecken-sie-die-angebote\/","title":{"rendered":"Seminar, Hochzeitsfeier, Rezeption, entdecken Sie die Angebote."},"content":{"rendered":"<div class=\"wpb-content-wrapper\"><p>[vc_row css=&#8220;.vc_custom_1546731249903{padding-top: 2% !important;padding-bottom: 2% !important;}&#8220;][vc_column][vc_custom_heading text=&#8220;Das Landgut Hirtz empf\u00e4ngt Sie !&#8220; google_fonts=&#8220;font_family:Open%20Sans%3A300%2C300italic%2Cregular%2Citalic%2C600%2C600italic%2C700%2C700italic%2C800%2C800italic|font_style:700%20bold%20regular%3A700%3Anormal&#8220;][vc_column_text]Im Herzen des regionalen Naturparks der Vogesen, in einem Park von 8 Ha, ist das Landgut ein ideales Ziel, um Ihre G\u00e4ste, Mitarbeiter oder Familienmitglieder zu empfangen. <strong>3 Empfangsbereiche und ein gem\u00fctliches unabh\u00e4ngiges Chalet<\/strong>k\u00f6nnen je nach Anzahl der Personen, die Sie willkommen heien m\u00f6chten, gemietet werden. Ob einfache oder schl\u00fcsselfertige Vermietung, Sie w\u00e4hlen die Formel, die am besten zu Ihnen passt.<\/p>\n<p>F\u00fcr Informationen oder Reservierungen <a href=\"https:\/\/www.domaine-hirtz.com\/contact\/\"><strong>wenden Sie sich an das Hirtz-Team<\/strong><\/a>, das Ihre Fragen beantworten und gemeinsam mit Ihnen Ihre Veranstaltung im Elsass organisieren kann.[\/vc_column_text][\/vc_column][\/vc_row][vc_row full_height=&#8220;yes&#8220; equal_height=&#8220;yes&#8220; content_placement=&#8220;middle&#8220; css=&#8220;.vc_custom_1546731067591{padding-top: 2% !important;padding-bottom: 2% !important;}&#8220;][vc_column width=&#8220;1\/2&#8243;][vc_custom_heading text=&#8220;Die verschiedenen R\u00e4ume, wo wir Sie empfangen k\u00f6nnen :&#8220; google_fonts=&#8220;font_family:Open%20Sans%3A300%2C300italic%2Cregular%2Citalic%2C600%2C600italic%2C700%2C700italic%2C800%2C800italic|font_style:700%20bold%20regular%3A700%3Anormal&#8220;][vc_tta_accordion][vc_tta_section title=&#8220;Das gem\u00fctliche Chalet&#8220; tab_id=&#8220;1560438118312-6bfdde08-2d5c&#8220;][vc_column_text]Es befindet sich im Park und bietet Ihnen einen <strong>v\u00f6llig unabh\u00e4ngigen<\/strong>, komfortablen und gut ausgestatteten Raum, der leicht zug\u00e4nglich ist, um den reibungslosen Ablauf Ihrer Veranstaltung zu garantieren.<\/p>\n<p>Mit einer Fl\u00e4che von 180m2 und einer gedeckten Terrasse von 200m2<strong>,<\/strong> ist es ein idealer Ort f\u00fcr Hochzeiten, Seminare, Konferenzen, k\u00fcnstlerische Veranstaltungen sowie f\u00fcr Ihre Familienfeiern.<strong> <\/strong>[\/vc_column_text][\/vc_tta_section][vc_tta_section title=&#8220;Der Seminarsaal&#8220; tab_id=&#8220;1560438041188-f999b168-1c2c&#8220;][vc_column_text]V\u00f6llig unabh\u00e4ngig aber in der Verl\u00e4ngerung des Restaurantsaals kann der 110 m2 groe Seminarsaal je nach gew\u00e4hltem Layout 50 bis 150 Personen aufnehmen.[\/vc_column_text][\/vc_tta_section][vc_tta_section title=&#8220;Der Stammtisch&#8220; tab_id=&#8220;1560438041175-1399ff80-1ce1&#8243;][vc_column_text]Umgeben von Holz und Steinen, in gem\u00fctlicher und entspannter Atmosph\u00e4re, k\u00f6nnen Sie auf bequemen Sofas sitzen. <strong>Der Stammtisch<\/strong> steht Ihnen t\u00e4glich zur Verf\u00fcgung. Die Bar ist offen von 7:00 bis 22:00.<\/p>\n<p class=\"p1\">Uhr. In diesem Raum finden jeden Monat Ausstellungen lokaler K\u00fcnstler statt. Er kann auch f\u00fcr Ihre Seminare, Familien- und Gruppenessen privatisiert werden.<\/p>\n<p><strong>Praktische Infos<\/strong> : Fl\u00e4che von 35 m2 &#8211; Kapazit\u00e4t : 16 bis 50 Personen je nach Layout[\/vc_column_text][\/vc_tta_section][vc_tta_section title=&#8220;Die H\u00fctte&#8220; tab_id=&#8220;1562621978793-95d01a93-a02f&#8220;][vc_column_text]<\/p>\n<p class=\"p1\">Unabh\u00e4ngig, Mitten in der Natur unter den B\u00e4umen, mit einer Fl\u00e4che von 40m2<span class=\"s1\"> <\/span>und einer bedeckten Terrasse von 15 m2. Kapazit\u00e4t : 25 Personen.<\/p>\n<p>[\/vc_column_text][\/vc_tta_section][vc_tta_section title=&#8220;Der Park und die Einrichtungen:&#8220; tab_id=&#8220;1560438135766-3ec2155e-68d3&#8243;][vc_column_text]Unser Park mit seinen Zelten und Lichtungen steht Ihnen zur Verf\u00fcgung f\u00fcr Ihre Hochzeitszeremonie, Ihren Aperitif oder Empfang.[\/vc_column_text][\/vc_tta_section][\/vc_tta_accordion][\/vc_column][vc_column width=&#8220;1\/2&#8243;][vc_images_carousel images=&#8220;5643,5640,5639,5638,5637,5636,5634,5626,5627,5623&#8243; img_size=&#8220;full&#8220; autoplay=&#8220;yes&#8220;][\/vc_column][\/vc_row][vc_row full_width=&#8220;stretch_row_content_no_spaces&#8220; full_height=&#8220;yes&#8220; equal_height=&#8220;yes&#8220; content_placement=&#8220;middle&#8220; bg_type=&#8220;image&#8220; parallax_style=&#8220;vcpb-default&#8220; bg_image_new=&#8220;id^379|url^http:\/\/www.domaine-hirtz.com\/wp-content\/uploads\/2019\/06\/seminaire-exterieur.jpg|caption^null|alt^S\u00e9minaire \u00e0 l&#8217;ext\u00e9rieur sous une tente au Domaine du Hirtz|title^S\u00e9minaire \u00e0 l&#8217;ext\u00e9rieur sous une tente au Domaine du Hirtz|description^null&#8220; bg_image_repeat=&#8220;no-repeat&#8220; bg_img_attach=&#8220;fixed&#8220; css=&#8220;.vc_custom_1560439296040{background-position: 0 0 !important;background-repeat: no-repeat !important;}&#8220;][vc_column width=&#8220;1\/2&#8243;][vc_column_text css=&#8220;.vc_custom_1587552626905{margin-left: 20% !important;padding-top: 5% !important;padding-right: 10% !important;padding-bottom: 5% !important;padding-left: 10% !important;background-color: rgba(20,20,20,0.85) !important;*background-color: rgb(20,20,20) !important;}&#8220;]<\/p>\n<p class=\"p1\"><span style=\"color: #ffffff\"><b>Ihr Seminar im Herzen der Natur<\/b><\/span><\/p>\n<p class=\"p1\"><span style=\"color: #ffffff\">Entdecken Sie einen idealen Rahmen im Herzen vom Elsass, in der N\u00e4he von Deutschland, von der Schweiz, von Mulhouse und Straburg f\u00fcr Ihre <b>Gesch\u00e4ftsseminare<span class=\"Apple-converted-space\">,<\/span> Studientage.<\/b><\/span><\/p>\n<p class=\"p1\"><span style=\"color: #ffffff\">Unsere Residenz bietet R\u00e4ume f\u00fcr <b>Austausch und kreatives Denken<\/b>, eine individuelle Gestaltung und eine pers\u00f6nliche Begleitung f\u00fcr ein qualitatives Seminar im Sinne der nachhaltigen Entwicklung.<\/span><\/p>\n<p>[\/vc_column_text][\/vc_column][vc_column width=&#8220;1\/2&#8243; el_align=&#8220;center&#8220;]<div class=\"ult-ih-container ult-adjust-bottom-margin  \" >\t<ul class=\"ult-ih-list \"  data-shape=\"square\"  data-width=\"250\"  data-height=\"250\"  style=\"text-align:left; \"><li id=\"ult-ih-list-item-8456\" class=\"ult-ih-list-item\" style=\"height: 250px; width: 250px;  margin: 15px\"><a class=\"ult-ih-link\"  ><div style=\"height: 250px; width: 250px; \" class=\"ult-ih-item ult-ih-effect19    \"><div class=\"ult-ih-image-block\" style=\"height: 250px; width: 250px; \">\t<div class=\"ult-ih-wrapper\" style=\"border-style: solid; border-color: rgba(255,255,255,0.2); border-width: 20px;\"><\/div>\t<img decoding=\"async\" class=\"ult-ih-image\" src=\"https:\/\/www.domaine-hirtz.com\/wp-content\/uploads\/2019\/07\/21x21-seminaire-couv.jpg\" alt=\"null\"><\/div><div class=\"ult-ih-info\" style=\"background-color: rgba(0,0,0,0.75); \">\t<div class=\"ult-ih-info-back\">\t<div class=\"ult-ih-content\">\t\t\t<div class=\"ult-ih-heading-block\" style=\"\">\t\t\t\t<h3 class=\"ult-ih-heading ult-responsive\" style=\"color:#ffffff;\"  data-ultimate-target='#ult-ih-list-item-8456 .ult-ih-heading'  data-responsive-json-new='{\"font-size\":\"desktop:22px;\",\"line-height\":\"desktop:28px;\"}' >Sehen Sie sich unsere SEMINAR-Brosch\u00fcre<\/h3>\t\t\t<\/div>\t\t\t<div class=\"ult-ih-divider-block\" style=\"height:1px;\">\t\t\t\t<span class=\"ult-ih-line\" style=\"border-style:solid;border-color:rgba(255,255,255,0.75);width:100px;border-width:1px;\"><\/span>\t\t\t<\/div>\t\t\t<div class=\"ult-ih-description-block\" style=\"\">\t\t\t\t<div class=\"ult-ih-description ult-responsive\" style=\"color:#bbbbbb;\"  data-ultimate-target='#ult-ih-list-item-8456 .ult-ih-description, #ult-ih-list-item-8456 .ult-ih-description p'  data-responsive-json-new='{\"font-size\":\"desktop:12px;\",\"line-height\":\"desktop:18px;\"}' >\t\t\t\t<\/div>\t\t\t<\/div>\t<\/div>\t<\/div><\/div><\/div><\/a><\/li>\t<\/ul><\/div>[\/vc_column][\/vc_row][vc_row full_width=&#8220;stretch_row_content_no_spaces&#8220; full_height=&#8220;yes&#8220; equal_height=&#8220;yes&#8220; content_placement=&#8220;middle&#8220; bg_type=&#8220;image&#8220; parallax_style=&#8220;vcpb-default&#8220; bg_image_new=&#8220;id^383|url^http:\/\/www.domaine-hirtz.com\/wp-content\/uploads\/2019\/06\/IMG_8557.jpg|caption^null|alt^Mariage au Domaine du Hirtz|title^Mariage au Domaine du Hirtz|description^null&#8220; bg_image_repeat=&#8220;no-repeat&#8220; bg_img_attach=&#8220;fixed&#8220; css=&#8220;.vc_custom_1560439314872{background-position: 0 0 !important;background-repeat: no-repeat !important;}&#8220;][vc_column width=&#8220;1\/2&#8243; el_align=&#8220;center&#8220;]<div class=\"ult-ih-container ult-adjust-bottom-margin  \" >\t<ul class=\"ult-ih-list \"  data-shape=\"square\"  data-width=\"250\"  data-height=\"250\"  style=\"text-align:right; \"><li id=\"ult-ih-list-item-1312\" class=\"ult-ih-list-item\" style=\"height: 250px; width: 250px;  margin: 15px\"><a class=\"ult-ih-link\" href=\"https:\/\/www.domaine-hirtz.com\/wp-content\/uploads\/2020\/07\/2020-2_REF_DOMAINE_plaquette-mariage-21x21-web.pdf\"  ><div style=\"height: 250px; width: 250px; \" class=\"ult-ih-item ult-ih-effect19    \"><div class=\"ult-ih-image-block\" style=\"height: 250px; width: 250px; \">\t<div class=\"ult-ih-wrapper\" style=\"border-style: solid; border-color: rgba(255,255,255,0.2); border-width: 20px;\"><\/div>\t<img decoding=\"async\" class=\"ult-ih-image\" src=\"https:\/\/www.domaine-hirtz.com\/wp-content\/uploads\/2020\/07\/2020-2_REF_DOMAINE_plaquette-mariage-21x21-p1.jpg\" alt=\"null\"><\/div><div class=\"ult-ih-info\" style=\"background-color: rgba(0,0,0,0.75); \">\t<div class=\"ult-ih-info-back\">\t<div class=\"ult-ih-content\">\t\t\t<div class=\"ult-ih-heading-block\" style=\"\">\t\t\t\t<h3 class=\"ult-ih-heading ult-responsive\" style=\"color:#ffffff;\"  data-ultimate-target='#ult-ih-list-item-1312 .ult-ih-heading'  data-responsive-json-new='{\"font-size\":\"desktop:22px;\",\"line-height\":\"desktop:28px;\"}' >Sehen Sie sich unsere HOCHZEIT-brosch\u00fcre<\/h3>\t\t\t<\/div>\t\t\t<div class=\"ult-ih-divider-block\" style=\"height:1px;\">\t\t\t\t<span class=\"ult-ih-line\" style=\"border-style:solid;border-color:rgba(255,255,255,0.75);width:100px;border-width:1px;\"><\/span>\t\t\t<\/div>\t\t\t<div class=\"ult-ih-description-block\" style=\"\">\t\t\t\t<div class=\"ult-ih-description ult-responsive\" style=\"color:#bbbbbb;\"  data-ultimate-target='#ult-ih-list-item-1312 .ult-ih-description, #ult-ih-list-item-1312 .ult-ih-description p'  data-responsive-json-new='{\"font-size\":\"desktop:12px;\",\"line-height\":\"desktop:18px;\"}' >\t\t\t\t<\/div>\t\t\t<\/div>\t<\/div>\t<\/div><\/div><\/div><\/a><\/li>\t<\/ul><\/div>[\/vc_column][vc_column width=&#8220;1\/2&#8243;][vc_column_text css=&#8220;.vc_custom_1589315633876{margin-right: 20% !important;padding-top: 5% !important;padding-right: 10% !important;padding-bottom: 5% !important;padding-left: 10% !important;background-color: rgba(20,20,20,0.85) !important;*background-color: rgb(20,20,20) !important;}&#8220;]<\/p>\n<p class=\"p1\"><span style=\"color: #ffffff\"><b>Sagen Sie &#8222;JA&#8220; zu einem traumhaften Ort<\/b><\/span><\/p>\n<p><span style=\"color: #ffffff\">Tr\u00e4umen Sie von einem zauberhaften Rahmen und einem unvergleichlichen Empfang im Elsass und m\u00f6chten Sie aus Ihrer Hochzeit <strong>ein unvergessliches Ereignis machen<\/strong> ?<\/span><\/p>\n<p><span style=\"color: #ffffff\">Wenn Sie Ihre Hochzeit in der Domaine du Hirtz feiern m\u00f6chten, m\u00fcssen Sie <strong>alle Verm\u00f6genswerte auf Ihre Seite legen !<\/strong><\/span><\/p>\n<p><span style=\"color: #ffffff\">Lassen Sie sich vom Charme des Ortes verf\u00fchren, der Ihnen viele M\u00f6glichkeiten bietet. Die Domaine du Hirtz bietet Ihnen die M\u00f6glichkeit, ihre Au\u00dfenbereiche und verschiedene Empfangsr\u00e4ume zu mieten.<\/span><\/p>\n<p><span style=\"color: #ffffff\">Ils se sont mari\u00e9s ici : <a style=\"color: #ffffff\" href=\"https:\/\/www.thesweetmemoriesphotographer.com\/leshistoires\/superbe-mariage-au-domaine-du-hirtz\" target=\"_blank\" rel=\"noopener noreferrer\">Jennifer &amp; Nicolas 2019<\/a> &#8211; <a style=\"color: #ffffff\" href=\"https:\/\/wedding.saleen.fr\/film-de-mariage-au-domaine-du-hirtz\/\" target=\"_blank\" rel=\"noopener noreferrer\">Vanessa et G\u00e9rald 2017<\/a> &#8211; <a style=\"color: #ffffff\" href=\"https:\/\/www.gaelleakissi.com\/mariage-au-domaine-du-hirtz-h-m-photos-de-couple\/\" target=\"_blank\" rel=\"noopener noreferrer\">H &amp; M<\/a> &#8211; <a style=\"color: #ffffff\" href=\"https:\/\/www.myriamsermonne.com\/blog\/le-mariage\/mariage-au-domaine-du-hirtz\" target=\"_blank\" rel=\"noopener noreferrer\">Fanny et Florian 2018<\/a> &#8211; <a style=\"color: #ffffff\" href=\"https:\/\/www.popcarte.com\/minute-pop\/mariage\/pop-mariages\/francesca-christophe\/\" target=\"_blank\" rel=\"noopener noreferrer\">Francesca et Christophe 2018<\/a> &#8211; <a style=\"color: #ffffff\" href=\"https:\/\/claudemasselot.com\/blog\/un-mariage-dans-la-nature-au-domaine-du-hirtz\/\" target=\"_blank\" rel=\"noopener noreferrer\">L&amp;L <\/a>&#8211; <a style=\"color: #ffffff\" href=\"https:\/\/juetjuphotographie.fr\/photographe-videaste-mariage-charlyn-geoffrey-hirtz\" target=\"_blank\" rel=\"noopener noreferrer\">Charlyn et Geoffrey<\/a> &#8211; <a style=\"color: #ffffff\" href=\"http:\/\/lucile-k.com\/un-mariage-au-domaine-du-hirtz-en-alsace\" target=\"_blank\" rel=\"noopener noreferrer\">Yens et Cinthia<\/a> &#8211; <a style=\"color: #ffffff\" href=\"https:\/\/www.feelicite.fr\/un-mariage-hygge-eco-responsable-en-alsace.php\" target=\"_blank\" rel=\"noopener noreferrer\">D &amp; C<\/a><\/span>[\/vc_column_text][\/vc_column][\/vc_row][vc_row full_width=&#8220;stretch_row_content_no_spaces&#8220; full_height=&#8220;yes&#8220; equal_height=&#8220;yes&#8220; content_placement=&#8220;middle&#8220; bg_type=&#8220;image&#8220; parallax_style=&#8220;vcpb-default&#8220; bg_image_new=&#8220;id^389|url^http:\/\/www.domaine-hirtz.com\/wp-content\/uploads\/2019\/06\/Votre-mariage-au-Domaine-du-HIRTZ-1-1.jpg|caption^null|alt^D\u00e9coration d&#8217;une salle de r\u00e9ception de mariage au Domaine du Hirtz|title^D\u00e9coration d&#8217;une salle de r\u00e9ception de mariage au Domaine du Hirtz|description^null&#8220; bg_image_repeat=&#8220;no-repeat&#8220; bg_img_attach=&#8220;fixed&#8220; css=&#8220;.vc_custom_1560439399601{background-position: 0 0 !important;background-repeat: no-repeat !important;}&#8220;][vc_column width=&#8220;1\/2&#8243;][vc_column_text css=&#8220;.vc_custom_1560439416318{margin-left: 20% !important;padding-top: 5% !important;padding-right: 10% !important;padding-bottom: 5% !important;padding-left: 10% !important;background-color: rgba(20,20,20,0.85) !important;*background-color: rgb(20,20,20) !important;}&#8220;]<\/p>\n<p class=\"p1\"><span style=\"color: #ffffff\"><b>Geburtstagsfeier, Rezeption, ein gemeinsames Essen<\/b><\/span><\/p>\n<p class=\"p1\"><span style=\"color: #ffffff\">Suchen Sie einen besonderen Ort, um Ihre wichtigen Momente mit Ihren Lieben zu feiern ? Unser Team wird alles M\u00f6gliche tun, damit Ihre Veranstaltung im Herzen der Natur ein Erfolg wird. Je nach der Atmosph\u00e4re, die Sie Ihrer Feier vermitteln m\u00f6chten und je nach der Gr\u00f6e der Gruppe werden Ihnen mehrere Formeln vorgeschlagen.<\/span><\/p>\n<p>[\/vc_column_text][\/vc_column][vc_column width=&#8220;1\/2&#8243; el_align=&#8220;center&#8220;]<div class=\"ult-ih-container ult-adjust-bottom-margin  \" >\t<ul class=\"ult-ih-list \"  data-shape=\"square\"  data-width=\"250\"  data-height=\"250\"  style=\"text-align:left; \"><li id=\"ult-ih-list-item-6576\" class=\"ult-ih-list-item\" style=\"height: 250px; width: 250px;  margin: 15px\"><a class=\"ult-ih-link\" href=\"https:\/\/www.domaine-hirtz.com\/wp-content\/uploads\/2020\/06\/2020_REF3_AUBERGE_menus_groupe.pdf\" target=\"_blank\" rel=\"noopener\"  ><div style=\"height: 250px; width: 250px; \" class=\"ult-ih-item ult-ih-effect19    \"><div class=\"ult-ih-image-block\" style=\"height: 250px; width: 250px; \">\t<div class=\"ult-ih-wrapper\" style=\"border-style: solid; border-color: rgba(255,255,255,0.2); border-width: 20px;\"><\/div>\t<img decoding=\"async\" class=\"ult-ih-image\" src=\"https:\/\/www.domaine-hirtz.com\/wp-content\/uploads\/2020\/05\/2020_REF2_AUBERGE_menus_groupe.jpg\" alt=\"null\"><\/div><div class=\"ult-ih-info\" style=\"background-color: rgba(0,0,0,0.75); \">\t<div class=\"ult-ih-info-back\">\t<div class=\"ult-ih-content\">\t\t\t<div class=\"ult-ih-heading-block\" style=\"\">\t\t\t\t<h3 class=\"ult-ih-heading ult-responsive\" style=\"color:#ffffff;\"  data-ultimate-target='#ult-ih-list-item-6576 .ult-ih-heading'  data-responsive-json-new='{\"font-size\":\"desktop:22px;\",\"line-height\":\"desktop:28px;\"}' >Konsultieren Sie unsere GRUPPENMEN\u00dcS<\/h3>\t\t\t<\/div>\t\t\t<div class=\"ult-ih-divider-block\" style=\"height:1px;\">\t\t\t\t<span class=\"ult-ih-line\" style=\"border-style:solid;border-color:rgba(255,255,255,0.75);width:100px;border-width:1px;\"><\/span>\t\t\t<\/div>\t\t\t<div class=\"ult-ih-description-block\" style=\"\">\t\t\t\t<div class=\"ult-ih-description ult-responsive\" style=\"color:#bbbbbb;\"  data-ultimate-target='#ult-ih-list-item-6576 .ult-ih-description, #ult-ih-list-item-6576 .ult-ih-description p'  data-responsive-json-new='{\"font-size\":\"desktop:12px;\",\"line-height\":\"desktop:18px;\"}' >\t\t\t\t<\/div>\t\t\t<\/div>\t<\/div>\t<\/div><\/div><\/div><\/a><\/li>\t<\/ul><\/div>[\/vc_column][\/vc_row]<\/p>\n<\/div>","protected":false},"excerpt":{"rendered":"<p>[vc_row css=&#8220;.vc_custom_1546731249903{padding-top: 2% !important;padding-bottom: 2% !important;}&#8220;][vc_column][vc_custom_heading text=&#8220;Das Landgut Hirtz empf\u00e4ngt Sie !&#8220; google_fonts=&#8220;font_family:Open%20Sans%3A300%2C300italic%2Cregular%2Citalic%2C600%2C600italic%2C700%2C700italic%2C800%2C800italic|font_style:700%20bold%20regular%3A700%3Anormal&#8220;][vc_column_text]Im Herzen des regionalen Naturparks der Vogesen, in einem Park von 8 Ha, ist das Landgut ein ideales Ziel, um Ihre G\u00e4ste, Mitarbeiter oder Familienmitglieder zu empfangen. 3 Empfangsbereiche und ein gem\u00fctliches unabh\u00e4ngiges Chaletk\u00f6nnen je nach Anzahl der Personen, die Sie willkommen heien&hellip; <br \/> <a class=\"read-more\" href=\"https:\/\/www.domaine-hirtz.com\/de\/seminar-hochzeitsfeier-rezeption-entdecken-sie-die-angebote\/\">Weiterlesen<\/a><\/p>\n","protected":false},"author":2,"featured_media":0,"parent":0,"menu_order":0,"comment_status":"closed","ping_status":"closed","template":"","meta":{"_acf_changed":false,"_vp_format_video_url":"","_vp_image_focal_point":[],"footnotes":""},"class_list":["post-5736","page","type-page","status-publish","hentry"],"acf":[],"_links":{"self":[{"href":"https:\/\/www.domaine-hirtz.com\/de\/wp-json\/wp\/v2\/pages\/5736","targetHints":{"allow":["GET"]}}],"collection":[{"href":"https:\/\/www.domaine-hirtz.com\/de\/wp-json\/wp\/v2\/pages"}],"about":[{"href":"https:\/\/www.domaine-hirtz.com\/de\/wp-json\/wp\/v2\/types\/page"}],"author":[{"embeddable":true,"href":"https:\/\/www.domaine-hirtz.com\/de\/wp-json\/wp\/v2\/users\/2"}],"replies":[{"embeddable":true,"href":"https:\/\/www.domaine-hirtz.com\/de\/wp-json\/wp\/v2\/comments?post=5736"}],"version-history":[{"count":7,"href":"https:\/\/www.domaine-hirtz.com\/de\/wp-json\/wp\/v2\/pages\/5736\/revisions"}],"predecessor-version":[{"id":5743,"href":"https:\/\/www.domaine-hirtz.com\/de\/wp-json\/wp\/v2\/pages\/5736\/revisions\/5743"}],"wp:attachment":[{"href":"https:\/\/www.domaine-hirtz.com\/de\/wp-json\/wp\/v2\/media?parent=5736"}],"curies":[{"name":"wp","href":"https:\/\/api.w.org\/{rel}","templated":true}]}}