{"id":5286,"date":"2020-09-16T15:20:44","date_gmt":"2020-09-16T13:20:44","guid":{"rendered":"https:\/\/www.domaine-hirtz.com\/your-restaurant-at-the-domaine-du-hirtz-in-wattwiller\/"},"modified":"2022-03-07T13:18:04","modified_gmt":"2022-03-07T12:18:04","slug":"your-restaurant-at-the-domaine-du-hirtz-in-wattwiller","status":"publish","type":"page","link":"https:\/\/www.domaine-hirtz.com\/en\/your-restaurant-at-the-domaine-du-hirtz-in-wattwiller\/","title":{"rendered":"Your restaurant at the Domaine du Hirtz in Wattwiller"},"content":{"rendered":"<div class=\"wpb-content-wrapper\"><p>[vc_row css=&#8221;.vc_custom_1538494852709{padding-top: 2% !important;padding-bottom: 2% !important;}&#8221;][vc_column width=&#8221;1\/2&#8243;][vc_custom_heading text=&#8221;Delight your taste buds in a friendly atmosphere !&#8221; google_fonts=&#8221;font_family:Open%20Sans%3A300%2C300italic%2Cregular%2Citalic%2C600%2C600italic%2C700%2C700italic%2C800%2C800italic|font_style:700%20bold%20regular%3A700%3Anormal&#8221;][vc_column_text]<\/p>\n<p>The concept of l\u2019<strong>Auberge du Hirtz<\/strong> is to offer traditional or revisited dishes with local flavours using a wealth of <strong>regional and seasonal products<\/strong> to guarantee optimal quality.<\/p>\n<p>From <strong>Monday to Friday<\/strong>, discover our seasonal menu, our menu of the day ( lunch only ) and the suggestions of the week.<\/p>\n<p><strong>On weekends<\/strong> (from Saturday lunchtime to Sunday dinnertime) , discover our local menus and the chef\u2019s suggestions.<\/p>\n<p><strong>The main room of the Auberge can seat 80 people<\/strong> but other rooms are available for your family dinners, weddings and other events : the Stammtich, the seminar room, and the convivial chalet. For further information, visit our \u2018\u2019 S\u00e9minaires et r\u00e9c\u00e9ptions\u2019\u2019 section.<\/p>\n<p>Opening hours : 365 days a year, 7 days a week<br \/>\nLunch from 12 pm to 2 pm<br \/>\nDinner from 7 pm to 10 pm<br \/>\nBookings : +33. (0)3 89 81 00 00<\/p>\n<p>[\/vc_column_text][\/vc_column][vc_column width=&#8221;1\/2&#8243;][vc_images_carousel images=&#8221;5526,5529,5532,5535,5523,5538,5541,5544,5547&#8243; img_size=&#8221;full&#8221; speed=&#8221;3000&#8243; autoplay=&#8221;yes&#8221; wrap=&#8221;yes&#8221; css=&#8221;.vc_custom_1560351732792{margin-bottom: 0px !important;}&#8221;][\/vc_column][\/vc_row][vc_row][vc_column][vc_facebook][\/vc_column][\/vc_row][vc_row][vc_column width=&#8221;1\/4&#8243;][vc_single_image image=&#8221;5349&#8243; img_size=&#8221;full&#8221; onclick=&#8221;custom_link&#8221; link=&#8221;https:\/\/www.domaine-hirtz.com\/wp-content\/uploads\/2020\/09\/2020_REF_AUBERGE_MENUS-septembre.pdf&#8221;][\/vc_column][vc_column width=&#8221;1\/4&#8243;][vc_single_image image=&#8221;1068&#8243; img_size=&#8221;full&#8221; onclick=&#8221;custom_link&#8221; link=&#8221;https:\/\/www.domaine-hirtz.com\/wp-content\/uploads\/2020\/07\/2020_REF_AUBERGE_menuA3-estivale.pdf&#8221;][\/vc_column][vc_column width=&#8221;1\/4&#8243;][vc_single_image image=&#8221;5514&#8243; img_size=&#8221;full&#8221; onclick=&#8221;custom_link&#8221; link=&#8221;https:\/\/www.domaine-hirtz.com\/wp-content\/uploads\/2020\/07\/2020_REF_AUBERGE_menu-tarte-flambees-1.jpg&#8221;][\/vc_column][\/vc_row][vc_row equal_height=&#8221;yes&#8221; content_placement=&#8221;middle&#8221; css=&#8221;.vc_custom_1560352175548{padding-top: 2% !important;padding-bottom: 2% !important;}&#8221;][vc_column width=&#8221;1\/2&#8243;][vc_images_carousel images=&#8221;5295,5298,5292,5289&#8243; img_size=&#8221;full&#8221; autoplay=&#8221;yes&#8221; wrap=&#8221;yes&#8221; css=&#8221;.vc_custom_1599039397099{margin-bottom: 0px !important;}&#8221;][\/vc_column][vc_column width=&#8221;1\/2&#8243;][vc_custom_heading text=&#8221;The musical Thursdays at the Auberge du Hirtz&#8221; google_fonts=&#8221;font_family:Open%20Sans%3A300%2C300italic%2Cregular%2Citalic%2C600%2C600italic%2C700%2C700italic%2C800%2C800italic|font_style:700%20bold%20regular%3A700%3Anormal&#8221;][vc_column_text]<\/p>\n<p>Vibrate to the rhythm of music with our \u2018\u2019Musical Thursday\u2019\u2019, a free event that takes place every Thursday at 7:30 pm. Take a seat and appreciate the sound of music while enjoying your meal. A new musical program is created every month so that everyone can enjoy a different type of music.<\/p>\n<p>[\/vc_column_text][\/vc_column][\/vc_row]<\/p>\n<\/div>","protected":false},"excerpt":{"rendered":"<p>[vc_row css=&#8221;.vc_custom_1538494852709{padding-top: 2% !important;padding-bottom: 2% !important;}&#8221;][vc_column width=&#8221;1\/2&#8243;][vc_custom_heading text=&#8221;Delight your taste buds in a friendly atmosphere !&#8221; google_fonts=&#8221;font_family:Open%20Sans%3A300%2C300italic%2Cregular%2Citalic%2C600%2C600italic%2C700%2C700italic%2C800%2C800italic|font_style:700%20bold%20regular%3A700%3Anormal&#8221;][vc_column_text] The concept of l\u2019Auberge du Hirtz is to offer traditional or revisited dishes with local flavours using a wealth of regional and seasonal products to guarantee optimal quality. From Monday to Friday, discover our seasonal menu, our menu&hellip; <br \/> <a class=\"read-more\" href=\"https:\/\/www.domaine-hirtz.com\/en\/your-restaurant-at-the-domaine-du-hirtz-in-wattwiller\/\">Read more<\/a><\/p>\n","protected":false},"author":2,"featured_media":0,"parent":0,"menu_order":0,"comment_status":"closed","ping_status":"closed","template":"","meta":{"_acf_changed":false,"_vp_format_video_url":"","_vp_image_focal_point":[],"footnotes":""},"class_list":["post-5286","page","type-page","status-publish","hentry"],"acf":[],"_links":{"self":[{"href":"https:\/\/www.domaine-hirtz.com\/en\/wp-json\/wp\/v2\/pages\/5286","targetHints":{"allow":["GET"]}}],"collection":[{"href":"https:\/\/www.domaine-hirtz.com\/en\/wp-json\/wp\/v2\/pages"}],"about":[{"href":"https:\/\/www.domaine-hirtz.com\/en\/wp-json\/wp\/v2\/types\/page"}],"author":[{"embeddable":true,"href":"https:\/\/www.domaine-hirtz.com\/en\/wp-json\/wp\/v2\/users\/2"}],"replies":[{"embeddable":true,"href":"https:\/\/www.domaine-hirtz.com\/en\/wp-json\/wp\/v2\/comments?post=5286"}],"version-history":[{"count":5,"href":"https:\/\/www.domaine-hirtz.com\/en\/wp-json\/wp\/v2\/pages\/5286\/revisions"}],"predecessor-version":[{"id":12802,"href":"https:\/\/www.domaine-hirtz.com\/en\/wp-json\/wp\/v2\/pages\/5286\/revisions\/12802"}],"wp:attachment":[{"href":"https:\/\/www.domaine-hirtz.com\/en\/wp-json\/wp\/v2\/media?parent=5286"}],"curies":[{"name":"wp","href":"https:\/\/api.w.org\/{rel}","templated":true}]}}