{"id":5550,"date":"2020-09-16T15:35:24","date_gmt":"2020-09-16T13:35:24","guid":{"rendered":"https:\/\/www.domaine-hirtz.com\/seminars-weddings-receptions-discover-our-different-offers\/"},"modified":"2020-09-16T15:40:00","modified_gmt":"2020-09-16T13:40:00","slug":"seminars-weddings-receptions-discover-our-different-offers","status":"publish","type":"page","link":"https:\/\/www.domaine-hirtz.com\/en\/seminars-weddings-receptions-discover-our-different-offers\/","title":{"rendered":"Seminars, weddings, receptions,\u00a0discover our different offers."},"content":{"rendered":"<div class=\"wpb-content-wrapper\"><p>[vc_row css=&#8221;.vc_custom_1546731249903{padding-top: 2% !important;padding-bottom: 2% !important;}&#8221;][vc_column][vc_custom_heading text=&#8221;Seminars, weddings, receptions, the Domaine du HIRTZ welcomes you&#8221; google_fonts=&#8221;font_family:Open%20Sans%3A300%2C300italic%2Cregular%2Citalic%2C600%2C600italic%2C700%2C700italic%2C800%2C800italic|font_style:700%20bold%20regular%3A700%3Anormal&#8221;][vc_column_text]<\/p>\n<p>Nested in the heart of the Parc Naturel R\u00e9gional des Ballons des Vosges, in a 8 acre park, the Domaine du Hirtz is the ideal destination to welcome your guests, colleagues or members of your family. <strong>Three different reception places and an independant chalet<\/strong> are available for rent, depending on the number of people. Simple rental or ready to use, choose the way that suits you best\u00a0!<br \/>For any information or booking, please <a href=\"#\">contact our staff<\/a>. We will answer your questions and help you organize your event in Alsace.<\/p>\n<p>[\/vc_column_text][\/vc_column][\/vc_row][vc_row full_height=&#8221;yes&#8221; equal_height=&#8221;yes&#8221; content_placement=&#8221;middle&#8221; css=&#8221;.vc_custom_1546731067591{padding-top: 2% !important;padding-bottom: 2% !important;}&#8221;][vc_column width=&#8221;1\/2&#8243;][vc_custom_heading text=&#8221;Different places available to welcome you&#8221; google_fonts=&#8221;font_family:Open%20Sans%3A300%2C300italic%2Cregular%2Citalic%2C600%2C600italic%2C700%2C700italic%2C800%2C800italic|font_style:700%20bold%20regular%3A700%3Anormal&#8221;][vc_tta_accordion][vc_tta_section title=&#8221;THE CHALET CONVIVAL&#8221; tab_id=&#8221;1560438118312-6bfdde08-2d5c&#8221;][vc_column_text]<\/p>\n<p>Located in the parc of the Domaine, this <strong>independant chalet<\/strong> provides you with great comfort and is easily accessible and well equipped to make your event run smoothly.<br \/>This chalet has an inner surface of 180 m\u00b2 and a covered terrace of 200 m\u00b2\u00a0. It is the ideal place for weddings, seminars, receptions, meetings, artistic events as well as for your family events.<\/p>\n<p>[\/vc_column_text][\/vc_tta_section][vc_tta_section title=&#8221;THE SEMINAR ROOM&#8221; tab_id=&#8221;1560438041188-f999b168-1c2c&#8221;][vc_column_text]<\/p>\n<p>Completely independant but as an extension of the Auberge, this 110 m\u00b2 room can seat 50 to 150 people , depending on the layout.<\/p>\n<p>[\/vc_column_text][\/vc_tta_section][vc_tta_section title=&#8221;THE STAMMTISCH ROOM&#8221; tab_id=&#8221;1560438041175-1399ff80-1ce1&#8243;][vc_column_text]<\/p>\n<p>Picture yourself surrounded by wood and stones, seated in comfy sofas , in a cosy and casual atmosphere. <strong>The Stammtisch of the Auberge du Hirtz<\/strong> is at your service at every moment of your day ( bar opened from 7am to 10 pm )\u00a0.<\/p>\n<p>The Stammtisch welcomes local artists every month for exhibitions. It can be privatised for your seminars, family or group meals.<\/p>\n<p><strong>Practical information :<\/strong> surface of 35m\u00b2 \u2013 can seat 16 to 50 people depending on the layout.<\/p>\n<p>[\/vc_column_text][\/vc_tta_section][vc_tta_section title=&#8221;THE CABANON&#8221; tab_id=&#8221;1562621978793-95d01a93-a02f&#8221;][vc_column_text]<\/p>\n<p>Independant place among the trees with a surface of 40m\u00b2 and a 15m\u00b2 covered terrace . Can seat 25 to 30 people.<\/p>\n<p>[\/vc_column_text][\/vc_tta_section][vc_tta_section title=&#8221;THE PARK AND ITS EQUIPMENTS&#8221; tab_id=&#8221;1560438135766-3ec2155e-68d3&#8243;][vc_column_text]<\/p>\n<p>Our park with its marquees and glades is at your disposal for your secular ceremony, aperitifs or receptions<\/p>\n<p>[\/vc_column_text][\/vc_tta_section][\/vc_tta_accordion][\/vc_column][vc_column width=&#8221;1\/2&#8243;][vc_images_carousel images=&#8221;5616,5607,5604,5601,5598,5595,5589,5565,5568,5556&#8243; img_size=&#8221;full&#8221; autoplay=&#8221;yes&#8221;][\/vc_column][\/vc_row][vc_row full_width=&#8221;stretch_row_content_no_spaces&#8221; full_height=&#8221;yes&#8221; equal_height=&#8221;yes&#8221; content_placement=&#8221;middle&#8221; bg_type=&#8221;image&#8221; parallax_style=&#8221;vcpb-default&#8221; bg_image_new=&#8221;id^379|url^http:\/\/www.domaine-hirtz.com\/wp-content\/uploads\/2019\/06\/seminaire-exterieur.jpg|caption^null|alt^S\u00e9minaire \u00e0 l&#8217;ext\u00e9rieur sous une tente au Domaine du Hirtz|title^S\u00e9minaire \u00e0 l&#8217;ext\u00e9rieur sous une tente au Domaine du Hirtz|description^null&#8221; bg_image_repeat=&#8221;no-repeat&#8221; bg_img_attach=&#8221;fixed&#8221; css=&#8221;.vc_custom_1560439296040{background-position: 0 0 !important;background-repeat: no-repeat !important;}&#8221;][vc_column width=&#8221;1\/2&#8243;][vc_column_text css=&#8221;.vc_custom_1587552626905{margin-left: 20% !important;padding-top: 5% !important;padding-right: 10% !important;padding-bottom: 5% !important;padding-left: 10% !important;background-color: rgba(20,20,20,0.85) !important;*background-color: rgb(20,20,20) !important;}&#8221;]<\/p>\n<p><span style=\"color: #ffffff;\"><strong>YOUR SEMINAR IN THE VERY HEART OF NATURE<\/strong><\/span><\/p>\n<p><span style=\"color: #ffffff;\">Discover an ideal setting in the heart of Alsace, near Germany, Switzerland, Mulhouse and Strasbourg for your <strong>work seminars, work meetings and study days.<\/strong><\/span><\/p>\n<p><span style=\"color: #ffffff;\">You are provided with rooms conducive to conversation and creative reflection, a customized layout as well as personalized support for a high-quality seminar consistent with sustainable development.<\/span><\/p>\n<p>[\/vc_column_text][\/vc_column][vc_column width=&#8221;1\/2&#8243; el_align=&#8221;center&#8221;]<div class=\"ult-ih-container ult-adjust-bottom-margin  \" >\t<ul class=\"ult-ih-list \"  data-shape=\"square\"  data-width=\"250\"  data-height=\"250\"  style=\"text-align:left; \"><li id=\"ult-ih-list-item-8707\" class=\"ult-ih-list-item\" style=\"height: 250px; width: 250px;  margin: 15px\"><a class=\"ult-ih-link\"  ><div style=\"height: 250px; width: 250px; \" class=\"ult-ih-item ult-ih-effect19    \"><div class=\"ult-ih-image-block\" style=\"height: 250px; width: 250px; \">\t<div class=\"ult-ih-wrapper\" style=\"border-style: solid; border-color: rgba(255,255,255,0.2); border-width: 20px;\"><\/div>\t<img decoding=\"async\" class=\"ult-ih-image\" src=\"https:\/\/www.domaine-hirtz.com\/wp-content\/uploads\/2019\/07\/21x21-seminaire-couv.jpg\" alt=\"null\"><\/div><div class=\"ult-ih-info\" style=\"background-color: rgba(0,0,0,0.75); \">\t<div class=\"ult-ih-info-back\">\t<div class=\"ult-ih-content\">\t\t\t<div class=\"ult-ih-heading-block\" style=\"\">\t\t\t\t<h3 class=\"ult-ih-heading ult-responsive\" style=\"color:#ffffff;\"  data-ultimate-target='#ult-ih-list-item-8707 .ult-ih-heading'  data-responsive-json-new='{\"font-size\":\"desktop:22px;\",\"line-height\":\"desktop:28px;\"}' >Visualiser notre plaquette S\u00c9MINAIRES<\/h3>\t\t\t<\/div>\t\t\t<div class=\"ult-ih-divider-block\" style=\"height:1px;\">\t\t\t\t<span class=\"ult-ih-line\" style=\"border-style:solid;border-color:rgba(255,255,255,0.75);width:100px;border-width:1px;\"><\/span>\t\t\t<\/div>\t\t\t<div class=\"ult-ih-description-block\" style=\"\">\t\t\t\t<div class=\"ult-ih-description ult-responsive\" style=\"color:#bbbbbb;\"  data-ultimate-target='#ult-ih-list-item-8707 .ult-ih-description, #ult-ih-list-item-8707 .ult-ih-description p'  data-responsive-json-new='{\"font-size\":\"desktop:12px;\",\"line-height\":\"desktop:18px;\"}' >\t\t\t\t<\/div>\t\t\t<\/div>\t<\/div>\t<\/div><\/div><\/div><\/a><\/li>\t<\/ul><\/div>[\/vc_column][\/vc_row][vc_row full_width=&#8221;stretch_row_content_no_spaces&#8221; full_height=&#8221;yes&#8221; equal_height=&#8221;yes&#8221; content_placement=&#8221;middle&#8221; bg_type=&#8221;image&#8221; parallax_style=&#8221;vcpb-default&#8221; bg_image_new=&#8221;id^383|url^http:\/\/www.domaine-hirtz.com\/wp-content\/uploads\/2019\/06\/IMG_8557.jpg|caption^null|alt^Mariage au Domaine du Hirtz|title^Mariage au Domaine du Hirtz|description^null&#8221; bg_image_repeat=&#8221;no-repeat&#8221; bg_img_attach=&#8221;fixed&#8221; css=&#8221;.vc_custom_1560439314872{background-position: 0 0 !important;background-repeat: no-repeat !important;}&#8221;][vc_column width=&#8221;1\/2&#8243; el_align=&#8221;center&#8221;]<div class=\"ult-ih-container ult-adjust-bottom-margin  \" >\t<ul class=\"ult-ih-list \"  data-shape=\"square\"  data-width=\"250\"  data-height=\"250\"  style=\"text-align:right; \"><li id=\"ult-ih-list-item-9827\" class=\"ult-ih-list-item\" style=\"height: 250px; width: 250px;  margin: 15px\"><a class=\"ult-ih-link\" href=\"https:\/\/www.domaine-hirtz.com\/wp-content\/uploads\/2020\/07\/2020-2_REF_DOMAINE_plaquette-mariage-21x21-web.pdf\"  ><div style=\"height: 250px; width: 250px; \" class=\"ult-ih-item ult-ih-effect19    \"><div class=\"ult-ih-image-block\" style=\"height: 250px; width: 250px; \">\t<div class=\"ult-ih-wrapper\" style=\"border-style: solid; border-color: rgba(255,255,255,0.2); border-width: 20px;\"><\/div>\t<img decoding=\"async\" class=\"ult-ih-image\" src=\"https:\/\/www.domaine-hirtz.com\/wp-content\/uploads\/2020\/07\/2020-2_REF_DOMAINE_plaquette-mariage-21x21-p1.jpg\" alt=\"null\"><\/div><div class=\"ult-ih-info\" style=\"background-color: rgba(0,0,0,0.75); \">\t<div class=\"ult-ih-info-back\">\t<div class=\"ult-ih-content\">\t\t\t<div class=\"ult-ih-heading-block\" style=\"\">\t\t\t\t<h3 class=\"ult-ih-heading ult-responsive\" style=\"color:#ffffff;\"  data-ultimate-target='#ult-ih-list-item-9827 .ult-ih-heading'  data-responsive-json-new='{\"font-size\":\"desktop:22px;\",\"line-height\":\"desktop:28px;\"}' >Visualiser notre plaquette MARIAGE<\/h3>\t\t\t<\/div>\t\t\t<div class=\"ult-ih-divider-block\" style=\"height:1px;\">\t\t\t\t<span class=\"ult-ih-line\" style=\"border-style:solid;border-color:rgba(255,255,255,0.75);width:100px;border-width:1px;\"><\/span>\t\t\t<\/div>\t\t\t<div class=\"ult-ih-description-block\" style=\"\">\t\t\t\t<div class=\"ult-ih-description ult-responsive\" style=\"color:#bbbbbb;\"  data-ultimate-target='#ult-ih-list-item-9827 .ult-ih-description, #ult-ih-list-item-9827 .ult-ih-description p'  data-responsive-json-new='{\"font-size\":\"desktop:12px;\",\"line-height\":\"desktop:18px;\"}' >\t\t\t\t<\/div>\t\t\t<\/div>\t<\/div>\t<\/div><\/div><\/div><\/a><\/li>\t<\/ul><\/div>[\/vc_column][vc_column width=&#8221;1\/2&#8243;][vc_column_text css=&#8221;.vc_custom_1589315633876{margin-right: 20% !important;padding-top: 5% !important;padding-right: 10% !important;padding-bottom: 5% !important;padding-left: 10% !important;background-color: rgba(20,20,20,0.85) !important;*background-color: rgb(20,20,20) !important;}&#8221;]<\/p>\n<p><span style=\"color: #ffffff;\"><strong>SAY \u00abI DO\u00bb IN A MAGICAL SETTING !<\/strong><\/span><\/p>\n<p><span style=\"color: #ffffff;\">Are you dreaming of an enchanted place and an urivalled welcome in Alsace to <strong>turn you wedding into the most beautiful day of your life<\/strong> ?<\/span><\/p>\n<p><span style=\"color: #ffffff;\">Choosing to celebrate your weeding at LE DOMAINE DU HIRTZ means <strong>having every chance of success !<\/strong> <\/span><\/p>\n<p><span style=\"color: #ffffff;\">Let yourself be seduced by the charm of the place and the numerous possibilities offered to you. You can rent the grounds and the various reception rooms.<\/span><\/p>\n<p>[\/vc_column_text][\/vc_column][\/vc_row][vc_row full_width=&#8221;stretch_row_content_no_spaces&#8221; full_height=&#8221;yes&#8221; equal_height=&#8221;yes&#8221; content_placement=&#8221;middle&#8221; bg_type=&#8221;image&#8221; parallax_style=&#8221;vcpb-default&#8221; bg_image_new=&#8221;id^389|url^http:\/\/www.domaine-hirtz.com\/wp-content\/uploads\/2019\/06\/Votre-mariage-au-Domaine-du-HIRTZ-1-1.jpg|caption^null|alt^D\u00e9coration d&#8217;une salle de r\u00e9ception de mariage au Domaine du Hirtz|title^D\u00e9coration d&#8217;une salle de r\u00e9ception de mariage au Domaine du Hirtz|description^null&#8221; bg_image_repeat=&#8221;no-repeat&#8221; bg_img_attach=&#8221;fixed&#8221; css=&#8221;.vc_custom_1560439399601{background-position: 0 0 !important;background-repeat: no-repeat !important;}&#8221;][vc_column width=&#8221;1\/2&#8243;][vc_column_text css=&#8221;.vc_custom_1560439416318{margin-left: 20% !important;padding-top: 5% !important;padding-right: 10% !important;padding-bottom: 5% !important;padding-left: 10% !important;background-color: rgba(20,20,20,0.85) !important;*background-color: rgb(20,20,20) !important;}&#8221;]<\/p>\n<p><strong><span style=\"color: #ffffff;\">BIRTHDAY PARTIES, RECEPTIONS, GROUP MEALS<\/span><\/strong><\/p>\n<p><span style=\"color: #ffffff;\">Are you looking for a special place to celebrate your important events with your relatives\u00a0? Our staff will do their best so that you can have a successful event in the heart of nature\u00a0. You will be offered several formulas depending on the type of event that you wish and the size of the group.<\/span><\/p>\n<p>[\/vc_column_text][\/vc_column][vc_column width=&#8221;1\/2&#8243; el_align=&#8221;center&#8221;]<div class=\"ult-ih-container ult-adjust-bottom-margin  \" >\t<ul class=\"ult-ih-list \"  data-shape=\"square\"  data-width=\"250\"  data-height=\"250\"  style=\"text-align:left; \"><li id=\"ult-ih-list-item-5309\" class=\"ult-ih-list-item\" style=\"height: 250px; width: 250px;  margin: 15px\"><a class=\"ult-ih-link\" href=\"https:\/\/www.domaine-hirtz.com\/wp-content\/uploads\/2020\/06\/2020_REF3_AUBERGE_menus_groupe.pdf\" target=\"_blank\" rel=\"noopener\"  ><div style=\"height: 250px; width: 250px; \" class=\"ult-ih-item ult-ih-effect19    \"><div class=\"ult-ih-image-block\" style=\"height: 250px; width: 250px; \">\t<div class=\"ult-ih-wrapper\" style=\"border-style: solid; border-color: rgba(255,255,255,0.2); border-width: 20px;\"><\/div>\t<img decoding=\"async\" class=\"ult-ih-image\" src=\"https:\/\/www.domaine-hirtz.com\/wp-content\/uploads\/2020\/05\/2020_REF2_AUBERGE_menus_groupe.jpg\" alt=\"null\"><\/div><div class=\"ult-ih-info\" style=\"background-color: rgba(0,0,0,0.75); \">\t<div class=\"ult-ih-info-back\">\t<div class=\"ult-ih-content\">\t\t\t<div class=\"ult-ih-heading-block\" style=\"\">\t\t\t\t<h3 class=\"ult-ih-heading ult-responsive\" style=\"color:#ffffff;\"  data-ultimate-target='#ult-ih-list-item-5309 .ult-ih-heading'  data-responsive-json-new='{\"font-size\":\"desktop:22px;\",\"line-height\":\"desktop:28px;\"}' >Consulter nos MENUS GROUPE<\/h3>\t\t\t<\/div>\t\t\t<div class=\"ult-ih-divider-block\" style=\"height:1px;\">\t\t\t\t<span class=\"ult-ih-line\" style=\"border-style:solid;border-color:rgba(255,255,255,0.75);width:100px;border-width:1px;\"><\/span>\t\t\t<\/div>\t\t\t<div class=\"ult-ih-description-block\" style=\"\">\t\t\t\t<div class=\"ult-ih-description ult-responsive\" style=\"color:#bbbbbb;\"  data-ultimate-target='#ult-ih-list-item-5309 .ult-ih-description, #ult-ih-list-item-5309 .ult-ih-description p'  data-responsive-json-new='{\"font-size\":\"desktop:12px;\",\"line-height\":\"desktop:18px;\"}' >\t\t\t\t<\/div>\t\t\t<\/div>\t<\/div>\t<\/div><\/div><\/div><\/a><\/li>\t<\/ul><\/div>[\/vc_column][\/vc_row]<\/p>\n<\/div>","protected":false},"excerpt":{"rendered":"<p>[vc_row css=&#8221;.vc_custom_1546731249903{padding-top: 2% !important;padding-bottom: 2% !important;}&#8221;][vc_column][vc_custom_heading text=&#8221;Seminars, weddings, receptions, the Domaine du HIRTZ welcomes you&#8221; google_fonts=&#8221;font_family:Open%20Sans%3A300%2C300italic%2Cregular%2Citalic%2C600%2C600italic%2C700%2C700italic%2C800%2C800italic|font_style:700%20bold%20regular%3A700%3Anormal&#8221;][vc_column_text] Nested in the heart of the Parc Naturel R\u00e9gional des Ballons des Vosges, in a 8 acre park, the Domaine du Hirtz is the ideal destination to welcome your guests, colleagues or members of your family. Three different reception&hellip; <br \/> <a class=\"read-more\" href=\"https:\/\/www.domaine-hirtz.com\/en\/seminars-weddings-receptions-discover-our-different-offers\/\">Read more<\/a><\/p>\n","protected":false},"author":2,"featured_media":0,"parent":0,"menu_order":0,"comment_status":"closed","ping_status":"closed","template":"","meta":{"_acf_changed":false,"_vp_format_video_url":"","_vp_image_focal_point":[],"footnotes":""},"class_list":["post-5550","page","type-page","status-publish","hentry"],"acf":[],"_links":{"self":[{"href":"https:\/\/www.domaine-hirtz.com\/en\/wp-json\/wp\/v2\/pages\/5550","targetHints":{"allow":["GET"]}}],"collection":[{"href":"https:\/\/www.domaine-hirtz.com\/en\/wp-json\/wp\/v2\/pages"}],"about":[{"href":"https:\/\/www.domaine-hirtz.com\/en\/wp-json\/wp\/v2\/types\/page"}],"author":[{"embeddable":true,"href":"https:\/\/www.domaine-hirtz.com\/en\/wp-json\/wp\/v2\/users\/2"}],"replies":[{"embeddable":true,"href":"https:\/\/www.domaine-hirtz.com\/en\/wp-json\/wp\/v2\/comments?post=5550"}],"version-history":[{"count":26,"href":"https:\/\/www.domaine-hirtz.com\/en\/wp-json\/wp\/v2\/pages\/5550\/revisions"}],"predecessor-version":[{"id":5664,"href":"https:\/\/www.domaine-hirtz.com\/en\/wp-json\/wp\/v2\/pages\/5550\/revisions\/5664"}],"wp:attachment":[{"href":"https:\/\/www.domaine-hirtz.com\/en\/wp-json\/wp\/v2\/media?parent=5550"}],"curies":[{"name":"wp","href":"https:\/\/api.w.org\/{rel}","templated":true}]}}